{"id":33,"date":"2020-04-13T11:18:48","date_gmt":"2020-04-13T11:18:48","guid":{"rendered":"https:\/\/geoparquepillanmapu.com\/?page_id=33"},"modified":"2025-11-23T15:42:47","modified_gmt":"2025-11-23T18:42:47","slug":"contacto","status":"publish","type":"page","link":"https:\/\/geoparquepillanmapu.com\/en\/contacto\/","title":{"rendered":"Contact"},"content":{"rendered":"<div data-elementor-type=\"wp-page\" data-elementor-id=\"33\" class=\"elementor elementor-33\" data-elementor-post-type=\"page\">\n\t\t\t\t\t\t<section class=\"elementor-section elementor-top-section elementor-element elementor-element-500bd87 elementor-section-boxed elementor-section-height-default elementor-section-height-default\" data-id=\"500bd87\" data-element_type=\"section\" data-e-type=\"section\">\n\t\t\t\t\t\t<div class=\"elementor-container elementor-column-gap-default\">\n\t\t\t\t\t<div class=\"elementor-column elementor-col-100 elementor-top-column elementor-element elementor-element-84061d8\" data-id=\"84061d8\" data-element_type=\"column\" data-e-type=\"column\">\n\t\t\t<div class=\"elementor-widget-wrap elementor-element-populated\">\n\t\t\t\t\t\t<div class=\"elementor-element elementor-element-a26a96e elementor-widget elementor-widget-heading\" data-id=\"a26a96e\" data-element_type=\"widget\" data-e-type=\"widget\" data-widget_type=\"heading.default\">\n\t\t\t\t<div class=\"elementor-widget-container\">\n\t\t\t\t\t<h2 class=\"elementor-heading-title elementor-size-default\">CONTACT<\/h2>\t\t\t\t<\/div>\n\t\t\t\t<\/div>\n\t\t\t\t<div class=\"elementor-element elementor-element-4423e0c elementor-widget elementor-widget-text-editor\" data-id=\"4423e0c\" data-element_type=\"widget\" data-e-type=\"widget\" data-widget_type=\"text-editor.default\">\n\t\t\t\t<div class=\"elementor-widget-container\">\n\t\t\t\t\t\t\t\t\t<p data-start=\"302\" data-end=\"814\">If you have any questions, comments, or need guidance planning your visit to the Pillanmapu Geopark, we&#039;re here to help. Write to us and we&#039;ll get back to you as soon as possible to assist you with your experience in the Maule Andes.<\/p>\t\t\t\t\t\t\t\t<\/div>\n\t\t\t\t<\/div>\n\t\t\t\t<div class=\"elementor-element elementor-element-1ec9bff elementor-widget elementor-widget-spacer\" data-id=\"1ec9bff\" data-element_type=\"widget\" data-e-type=\"widget\" data-widget_type=\"spacer.default\">\n\t\t\t\t<div class=\"elementor-widget-container\">\n\t\t\t\t\t\t\t<div class=\"elementor-spacer\">\n\t\t\t<div class=\"elementor-spacer-inner\"><\/div>\n\t\t<\/div>\n\t\t\t\t\t\t<\/div>\n\t\t\t\t<\/div>\n\t\t\t\t<div class=\"elementor-element elementor-element-49aed62 elementor-button-align-stretch elementor-widget elementor-widget-form\" data-id=\"49aed62\" data-element_type=\"widget\" data-e-type=\"widget\" data-settings=\"{&quot;step_next_label&quot;:&quot;Next&quot;,&quot;step_previous_label&quot;:&quot;Previous&quot;,&quot;button_width&quot;:&quot;100&quot;,&quot;step_type&quot;:&quot;number_text&quot;,&quot;step_icon_shape&quot;:&quot;circle&quot;}\" data-widget_type=\"form.default\">\n\t\t\t\t<div class=\"elementor-widget-container\">\n\t\t\t\t\t\t\t<form class=\"elementor-form\" method=\"post\" name=\"New Form\" action=\"\">\n\t\t\t<input type=\"hidden\" name=\"post_id\" value=\"33\"\/>\n\t\t\t<input type=\"hidden\" name=\"form_id\" value=\"49aed62\"\/>\n\t\t\t<input type=\"hidden\" name=\"referer_title\" value=\"Contacto - Geoparque Pillanmapu\" \/>\n\n\t\t\t\t\t\t\t<input type=\"hidden\" name=\"queried_id\" value=\"33\"\/>\n\t\t\t\n\t\t\t<div class=\"elementor-form-fields-wrapper elementor-labels-\">\n\t\t\t\t\t\t\t\t<div class=\"elementor-field-type-text elementor-field-group elementor-column elementor-field-group-name elementor-col-100 elementor-field-required\">\n\t\t\t\t\t\t\t\t\t\t\t\t<label for=\"form-field-name\" class=\"elementor-field-label elementor-screen-only\">\n\t\t\t\t\t\t\t\tName\t\t\t\t\t\t\t<\/label>\n\t\t\t\t\t\t\t\t\t\t\t\t\t\t<input size=\"1\" type=\"text\" name=\"form_fields[name]\" id=\"form-field-name\" class=\"elementor-field elementor-size-sm  elementor-field-textual\" placeholder=\"Name and surname\" required=\"required\" aria-required=\"true\">\n\t\t\t\t\t\t\t\t\t\t\t<\/div>\n\t\t\t\t\t\t\t\t<div class=\"elementor-field-type-email elementor-field-group elementor-column elementor-field-group-email elementor-col-100 elementor-field-required\">\n\t\t\t\t\t\t\t\t\t\t\t\t<label for=\"form-field-email\" class=\"elementor-field-label elementor-screen-only\">\n\t\t\t\t\t\t\t\tMail\t\t\t\t\t\t\t<\/label>\n\t\t\t\t\t\t\t\t\t\t\t\t\t\t<input size=\"1\" type=\"email\" name=\"form_fields[email]\" id=\"form-field-email\" class=\"elementor-field elementor-size-sm  elementor-field-textual\" placeholder=\"Enter your email\" required=\"required\" aria-required=\"true\">\n\t\t\t\t\t\t\t\t\t\t\t<\/div>\n\t\t\t\t\t\t\t\t<div class=\"elementor-field-type-tel elementor-field-group elementor-column elementor-field-group-field_cb92e3a elementor-col-100 elementor-field-required\">\n\t\t\t\t\t\t\t\t\t\t\t\t<label for=\"form-field-field_cb92e3a\" class=\"elementor-field-label elementor-screen-only\">\n\t\t\t\t\t\t\t\tPhone\t\t\t\t\t\t\t<\/label>\n\t\t\t\t\t\t\t\t<input size=\"1\" type=\"tel\" name=\"form_fields[field_cb92e3a]\" id=\"form-field-field_cb92e3a\" class=\"elementor-field elementor-size-sm  elementor-field-textual\" placeholder=\"Enter your phone number\" required=\"required\" aria-required=\"true\" pattern=\"[0-9()#&amp;+*-=.]+\" title=\"Only telephone numbers and characters are accepted (#, -, *, etc.).\">\n\n\t\t\t\t\t\t<\/div>\n\t\t\t\t\t\t\t\t<div class=\"elementor-field-type-textarea elementor-field-group elementor-column elementor-field-group-message elementor-col-100 elementor-field-required\">\n\t\t\t\t\t\t\t\t\t\t\t\t<label for=\"form-field-message\" class=\"elementor-field-label elementor-screen-only\">\n\t\t\t\t\t\t\t\tMessage\t\t\t\t\t\t\t<\/label>\n\t\t\t\t\t\t<textarea class=\"elementor-field-textual elementor-field  elementor-size-sm\" name=\"form_fields[message]\" id=\"form-field-message\" rows=\"4\" placeholder=\"Write your message\" required=\"required\" aria-required=\"true\"><\/textarea>\t\t\t\t<\/div>\n\t\t\t\t\t\t\t\t<div class=\"elementor-field-type-recaptcha_v3 elementor-field-group elementor-column elementor-field-group-field_e45084a elementor-col-100 recaptcha_v3-bottomright\">\n\t\t\t\t\t<div class=\"elementor-field\" id=\"form-field-field_e45084a\"><div class=\"elementor-g-recaptcha\" data-sitekey=\"6LeQjxUsAAAAAHMFBuZF8yPFOyAExh6Z_O6eFype\" data-type=\"v3\" data-action=\"Form\" data-badge=\"bottomright\" data-size=\"invisible\"><\/div><\/div>\t\t\t\t<\/div>\n\t\t\t\t\t\t\t\t<div class=\"elementor-field-group elementor-column elementor-field-type-submit elementor-col-100 e-form__buttons\">\n\t\t\t\t\t<button class=\"elementor-button elementor-size-sm\" type=\"submit\">\n\t\t\t\t\t\t<span class=\"elementor-button-content-wrapper\">\n\t\t\t\t\t\t\t\t\t\t\t\t\t\t\t\t\t\t\t\t\t\t<span class=\"elementor-button-text\">SEND<\/span>\n\t\t\t\t\t\t\t\t\t\t\t\t\t<\/span>\n\t\t\t\t\t<\/button>\n\t\t\t\t<\/div>\n\t\t\t<\/div>\n\t\t<input type=\"hidden\" name=\"trp-form-language\" value=\"en\"\/><\/form>\n\t\t\t\t\t\t<\/div>\n\t\t\t\t<\/div>\n\t\t\t\t\t<\/div>\n\t\t<\/div>\n\t\t\t\t\t<\/div>\n\t\t<\/section>\n\t\t\t\t<section class=\"elementor-section elementor-top-section elementor-element elementor-element-e2abee3 elementor-section-full_width elementor-section-height-default elementor-section-height-default\" data-id=\"e2abee3\" data-element_type=\"section\" data-e-type=\"section\">\n\t\t\t\t\t\t<div class=\"elementor-container elementor-column-gap-no\">\n\t\t\t\t\t<div class=\"elementor-column elementor-col-100 elementor-top-column elementor-element elementor-element-e28edcc\" data-id=\"e28edcc\" data-element_type=\"column\" data-e-type=\"column\">\n\t\t\t<div class=\"elementor-widget-wrap elementor-element-populated\">\n\t\t\t\t\t\t<div class=\"elementor-element elementor-element-e514adc elementor-widget elementor-widget-spacer\" data-id=\"e514adc\" data-element_type=\"widget\" data-e-type=\"widget\" data-widget_type=\"spacer.default\">\n\t\t\t\t<div class=\"elementor-widget-container\">\n\t\t\t\t\t\t\t<div class=\"elementor-spacer\">\n\t\t\t<div class=\"elementor-spacer-inner\"><\/div>\n\t\t<\/div>\n\t\t\t\t\t\t<\/div>\n\t\t\t\t<\/div>\n\t\t\t\t<div class=\"elementor-element elementor-element-b9b63b7 elementor-widget-divider--view-line elementor-widget elementor-widget-divider\" data-id=\"b9b63b7\" data-element_type=\"widget\" data-e-type=\"widget\" data-widget_type=\"divider.default\">\n\t\t\t\t<div class=\"elementor-widget-container\">\n\t\t\t\t\t\t\t<div class=\"elementor-divider\">\n\t\t\t<span class=\"elementor-divider-separator\">\n\t\t\t\t\t\t<\/span>\n\t\t<\/div>\n\t\t\t\t\t\t<\/div>\n\t\t\t\t<\/div>\n\t\t\t\t\t<\/div>\n\t\t<\/div>\n\t\t\t\t\t<\/div>\n\t\t<\/section>\n\t\t\t\t<\/div>","protected":false},"excerpt":{"rendered":"<p>CONTACT If you have any questions, comments, or need guidance to plan your visit to the Pillanmapu Geopark, we are here to help. Write to us and we will respond as soon as possible to assist you with your experience in the Maule Andes.<\/p>","protected":false},"author":1,"featured_media":0,"parent":0,"menu_order":0,"comment_status":"closed","ping_status":"closed","template":"","meta":{"give_campaign_id":0,"footnotes":""},"class_list":["post-33","page","type-page","status-publish","hentry"],"aioseo_notices":[],"yoast_head":"<!-- This site is optimized with the Yoast SEO plugin v26.9 - https:\/\/yoast.com\/product\/yoast-seo-wordpress\/ -->\n<title>Contacto - Geoparque Pillanmapu<\/title>\n<meta name=\"robots\" content=\"index, follow, max-snippet:-1, max-image-preview:large, max-video-preview:-1\" \/>\n<link rel=\"canonical\" href=\"https:\/\/geoparquepillanmapu.com\/en\/contacto\/\" \/>\n<meta property=\"og:locale\" content=\"en_US\" \/>\n<meta property=\"og:type\" content=\"article\" \/>\n<meta property=\"og:title\" content=\"Contacto - Geoparque Pillanmapu\" \/>\n<meta property=\"og:description\" content=\"CONTACTO Si tienes dudas, comentarios o necesitas orientaci\u00f3n para planificar tu visita al Geoparque Pillanmapu, estamos aqu\u00ed para ayudarte. Escr\u00edbenos y te responderemos a la brevedad para acompa\u00f1arte en tu experiencia en los Andes maulinos.\" \/>\n<meta property=\"og:url\" content=\"https:\/\/geoparquepillanmapu.com\/en\/contacto\/\" \/>\n<meta property=\"og:site_name\" content=\"Geoparque Pillanmapu\" \/>\n<meta property=\"article:modified_time\" content=\"2025-11-23T18:42:47+00:00\" \/>\n<meta name=\"twitter:card\" content=\"summary_large_image\" \/>\n<meta name=\"twitter:label1\" content=\"Est. reading time\" \/>\n\t<meta name=\"twitter:data1\" content=\"1 minute\" \/>\n<script type=\"application\/ld+json\" class=\"yoast-schema-graph\">{\"@context\":\"https:\/\/schema.org\",\"@graph\":[{\"@type\":\"WebPage\",\"@id\":\"https:\/\/geoparquepillanmapu.com\/contacto\/\",\"url\":\"https:\/\/geoparquepillanmapu.com\/contacto\/\",\"name\":\"Contacto - Geoparque Pillanmapu\",\"isPartOf\":{\"@id\":\"https:\/\/geoparquepillanmapu.com\/#website\"},\"datePublished\":\"2020-04-13T11:18:48+00:00\",\"dateModified\":\"2025-11-23T18:42:47+00:00\",\"breadcrumb\":{\"@id\":\"https:\/\/geoparquepillanmapu.com\/contacto\/#breadcrumb\"},\"inLanguage\":\"en-US\",\"potentialAction\":[{\"@type\":\"ReadAction\",\"target\":[\"https:\/\/geoparquepillanmapu.com\/contacto\/\"]}]},{\"@type\":\"BreadcrumbList\",\"@id\":\"https:\/\/geoparquepillanmapu.com\/contacto\/#breadcrumb\",\"itemListElement\":[{\"@type\":\"ListItem\",\"position\":1,\"name\":\"Portada\",\"item\":\"https:\/\/geoparquepillanmapu.com\/\"},{\"@type\":\"ListItem\",\"position\":2,\"name\":\"Contacto\"}]},{\"@type\":\"WebSite\",\"@id\":\"https:\/\/geoparquepillanmapu.com\/#website\",\"url\":\"https:\/\/geoparquepillanmapu.com\/\",\"name\":\"Geoparque Pillanmapu\",\"description\":\"Desarrollo sostenible para los Andes Maulinos\",\"publisher\":{\"@id\":\"https:\/\/geoparquepillanmapu.com\/#organization\"},\"potentialAction\":[{\"@type\":\"SearchAction\",\"target\":{\"@type\":\"EntryPoint\",\"urlTemplate\":\"https:\/\/geoparquepillanmapu.com\/?s={search_term_string}\"},\"query-input\":{\"@type\":\"PropertyValueSpecification\",\"valueRequired\":true,\"valueName\":\"search_term_string\"}}],\"inLanguage\":\"en-US\"},{\"@type\":\"Organization\",\"@id\":\"https:\/\/geoparquepillanmapu.com\/#organization\",\"name\":\"Geoparque Pillanmapu\",\"url\":\"https:\/\/geoparquepillanmapu.com\/\",\"logo\":{\"@type\":\"ImageObject\",\"inLanguage\":\"en-US\",\"@id\":\"https:\/\/geoparquepillanmapu.com\/#\/schema\/logo\/image\/\",\"url\":\"https:\/\/geoparquepillanmapu.com\/wp-content\/uploads\/2020\/04\/Logo-PillanMapu-ajustado-20.png\",\"contentUrl\":\"https:\/\/geoparquepillanmapu.com\/wp-content\/uploads\/2020\/04\/Logo-PillanMapu-ajustado-20.png\",\"width\":1460,\"height\":1650,\"caption\":\"Geoparque Pillanmapu\"},\"image\":{\"@id\":\"https:\/\/geoparquepillanmapu.com\/#\/schema\/logo\/image\/\"}}]}<\/script>\n<!-- \/ Yoast SEO plugin. -->","yoast_head_json":{"title":"Contact - Pillanmapu Geopark","robots":{"index":"index","follow":"follow","max-snippet":"max-snippet:-1","max-image-preview":"max-image-preview:large","max-video-preview":"max-video-preview:-1"},"canonical":"https:\/\/geoparquepillanmapu.com\/en\/contacto\/","og_locale":"en_US","og_type":"article","og_title":"Contacto - Geoparque Pillanmapu","og_description":"CONTACTO Si tienes dudas, comentarios o necesitas orientaci\u00f3n para planificar tu visita al Geoparque Pillanmapu, estamos aqu\u00ed para ayudarte. Escr\u00edbenos y te responderemos a la brevedad para acompa\u00f1arte en tu experiencia en los Andes maulinos.","og_url":"https:\/\/geoparquepillanmapu.com\/en\/contacto\/","og_site_name":"Geoparque Pillanmapu","article_modified_time":"2025-11-23T18:42:47+00:00","twitter_card":"summary_large_image","twitter_misc":{"Est. reading time":"1 minute"},"schema":{"@context":"https:\/\/schema.org","@graph":[{"@type":"WebPage","@id":"https:\/\/geoparquepillanmapu.com\/contacto\/","url":"https:\/\/geoparquepillanmapu.com\/contacto\/","name":"Contact - Pillanmapu Geopark","isPartOf":{"@id":"https:\/\/geoparquepillanmapu.com\/#website"},"datePublished":"2020-04-13T11:18:48+00:00","dateModified":"2025-11-23T18:42:47+00:00","breadcrumb":{"@id":"https:\/\/geoparquepillanmapu.com\/contacto\/#breadcrumb"},"inLanguage":"en-US","potentialAction":[{"@type":"ReadAction","target":["https:\/\/geoparquepillanmapu.com\/contacto\/"]}]},{"@type":"BreadcrumbList","@id":"https:\/\/geoparquepillanmapu.com\/contacto\/#breadcrumb","itemListElement":[{"@type":"ListItem","position":1,"name":"Portada","item":"https:\/\/geoparquepillanmapu.com\/"},{"@type":"ListItem","position":2,"name":"Contacto"}]},{"@type":"WebSite","@id":"https:\/\/geoparquepillanmapu.com\/#website","url":"https:\/\/geoparquepillanmapu.com\/","name":"Pillanmapu Geopark","description":"Sustainable development for the Maule Andes","publisher":{"@id":"https:\/\/geoparquepillanmapu.com\/#organization"},"potentialAction":[{"@type":"SearchAction","target":{"@type":"EntryPoint","urlTemplate":"https:\/\/geoparquepillanmapu.com\/?s={search_term_string}"},"query-input":{"@type":"PropertyValueSpecification","valueRequired":true,"valueName":"search_term_string"}}],"inLanguage":"en-US"},{"@type":"Organization","@id":"https:\/\/geoparquepillanmapu.com\/#organization","name":"Pillanmapu Geopark","url":"https:\/\/geoparquepillanmapu.com\/","logo":{"@type":"ImageObject","inLanguage":"en-US","@id":"https:\/\/geoparquepillanmapu.com\/#\/schema\/logo\/image\/","url":"https:\/\/geoparquepillanmapu.com\/wp-content\/uploads\/2020\/04\/Logo-PillanMapu-ajustado-20.png","contentUrl":"https:\/\/geoparquepillanmapu.com\/wp-content\/uploads\/2020\/04\/Logo-PillanMapu-ajustado-20.png","width":1460,"height":1650,"caption":"Geoparque Pillanmapu"},"image":{"@id":"https:\/\/geoparquepillanmapu.com\/#\/schema\/logo\/image\/"}}]}},"campaignId":"","_links":{"self":[{"href":"https:\/\/geoparquepillanmapu.com\/en\/wp-json\/wp\/v2\/pages\/33","targetHints":{"allow":["GET"]}}],"collection":[{"href":"https:\/\/geoparquepillanmapu.com\/en\/wp-json\/wp\/v2\/pages"}],"about":[{"href":"https:\/\/geoparquepillanmapu.com\/en\/wp-json\/wp\/v2\/types\/page"}],"author":[{"embeddable":true,"href":"https:\/\/geoparquepillanmapu.com\/en\/wp-json\/wp\/v2\/users\/1"}],"replies":[{"embeddable":true,"href":"https:\/\/geoparquepillanmapu.com\/en\/wp-json\/wp\/v2\/comments?post=33"}],"version-history":[{"count":5,"href":"https:\/\/geoparquepillanmapu.com\/en\/wp-json\/wp\/v2\/pages\/33\/revisions"}],"predecessor-version":[{"id":4207,"href":"https:\/\/geoparquepillanmapu.com\/en\/wp-json\/wp\/v2\/pages\/33\/revisions\/4207"}],"wp:attachment":[{"href":"https:\/\/geoparquepillanmapu.com\/en\/wp-json\/wp\/v2\/media?parent=33"}],"curies":[{"name":"wp","href":"https:\/\/api.w.org\/{rel}","templated":true}]}}