{"id":882,"date":"2021-04-16T18:31:55","date_gmt":"2021-04-16T18:31:55","guid":{"rendered":"https:\/\/geoparquepillanmapu.com\/?post_type=product&#038;p=882"},"modified":"2024-12-23T00:10:08","modified_gmt":"2024-12-23T03:10:08","slug":"georuta-3-valle-del-achibueno","status":"publish","type":"product","link":"https:\/\/geoparquepillanmapu.com\/en\/product\/georuta-3-valle-del-achibueno\/","title":{"rendered":"Georoute 3 \u2013 Achibueno Valley"},"content":{"rendered":"<p><strong>A complete and detailed guide that will allow you to explore the Achibueno Valley with a renewed and fascinating perspective.<\/strong>.<\/p>\n<p>This guide will take you through two of the most emblematic valleys of the Achibueno River basin: the Valley of the Souls and the Valley of Glory. There you will find geological wonders renowned for their scenic, educational, and scientific value. Hot springs, waterfalls, glaciers, and lagoons are just a few examples.<\/p>\n<p>The text has been meticulously written to help you discover the essence of the region, while still including the details that enrich the narrative. The guide is complemented by beautiful and carefully crafted illustrations that will allow you to easily understand the processes that shaped the valley.<\/p>\n<p>You can purchase the print or digital (PDF) version. While we use paper with a low environmental impact, we encourage you to choose the digital version, which will always have a smaller environmental impact than the physical version.<\/p>","protected":false},"excerpt":{"rendered":"<p>Gu\u00eda completa y detallada que te permitir\u00e1 recorrer el valle del Achibueno con una mirada renovada y cargada de fascinaci\u00f3n. Esta gu\u00eda te permitir\u00e1 recorrer dos de los valles m\u00e1s emblem\u00e1ticos del caj\u00f3n del Achibueno; el valle de las \u00c1nimas y el valle de la Gloria. En ellos podr\u00e1s encontrar algunas maravillas geol\u00f3gicas que destacan [&hellip;]<\/p>","protected":false},"featured_media":889,"comment_status":"open","ping_status":"closed","template":"","meta":{"give_campaign_id":0},"product_brand":[],"product_cat":[20],"product_tag":[],"class_list":{"0":"post-882","1":"product","2":"type-product","3":"status-publish","4":"has-post-thumbnail","6":"product_cat-guias","8":"first","9":"instock","10":"shipping-taxable","11":"purchasable","12":"product-type-variable"},"aioseo_notices":[],"yoast_head":"<!-- This site is optimized with the Yoast SEO plugin v26.9 - https:\/\/yoast.com\/product\/yoast-seo-wordpress\/ -->\n<title>Georuta 3 - Valle del Achibueno - Geoparque Pillanmapu<\/title>\n<meta name=\"robots\" content=\"index, follow, max-snippet:-1, max-image-preview:large, max-video-preview:-1\" \/>\n<link rel=\"canonical\" href=\"https:\/\/geoparquepillanmapu.com\/en\/product\/georuta-3-valle-del-achibueno\/\" \/>\n<meta property=\"og:locale\" content=\"en_US\" \/>\n<meta property=\"og:type\" content=\"article\" \/>\n<meta property=\"og:title\" content=\"Georuta 3 - Valle del Achibueno - Geoparque Pillanmapu\" \/>\n<meta property=\"og:description\" content=\"Gu\u00eda completa y detallada que te permitir\u00e1 recorrer el valle del Achibueno con una mirada renovada y cargada de fascinaci\u00f3n. Esta gu\u00eda te permitir\u00e1 recorrer dos de los valles m\u00e1s emblem\u00e1ticos del caj\u00f3n del Achibueno; el valle de las \u00c1nimas y el valle de la Gloria. En ellos podr\u00e1s encontrar algunas maravillas geol\u00f3gicas que destacan [&hellip;]\" \/>\n<meta property=\"og:url\" content=\"https:\/\/geoparquepillanmapu.com\/en\/product\/georuta-3-valle-del-achibueno\/\" \/>\n<meta property=\"og:site_name\" content=\"Geoparque Pillanmapu\" \/>\n<meta property=\"article:modified_time\" content=\"2024-12-23T03:10:08+00:00\" \/>\n<meta property=\"og:image\" content=\"https:\/\/geoparquepillanmapu.com\/wp-content\/uploads\/2021\/04\/achibueno-1-scaled-e1618597429446.jpg\" \/>\n\t<meta property=\"og:image:width\" content=\"1920\" \/>\n\t<meta property=\"og:image:height\" content=\"1920\" \/>\n\t<meta property=\"og:image:type\" content=\"image\/jpeg\" \/>\n<meta name=\"twitter:card\" content=\"summary_large_image\" \/>\n<meta name=\"twitter:label1\" content=\"Est. reading time\" \/>\n\t<meta name=\"twitter:data1\" content=\"1 minute\" \/>\n<script type=\"application\/ld+json\" class=\"yoast-schema-graph\">{\"@context\":\"https:\/\/schema.org\",\"@graph\":[{\"@type\":\"WebPage\",\"@id\":\"https:\/\/geoparquepillanmapu.com\/product\/georuta-3-valle-del-achibueno\/\",\"url\":\"https:\/\/geoparquepillanmapu.com\/product\/georuta-3-valle-del-achibueno\/\",\"name\":\"Georuta 3 - Valle del Achibueno - Geoparque Pillanmapu\",\"isPartOf\":{\"@id\":\"https:\/\/geoparquepillanmapu.com\/#website\"},\"primaryImageOfPage\":{\"@id\":\"https:\/\/geoparquepillanmapu.com\/product\/georuta-3-valle-del-achibueno\/#primaryimage\"},\"image\":{\"@id\":\"https:\/\/geoparquepillanmapu.com\/product\/georuta-3-valle-del-achibueno\/#primaryimage\"},\"thumbnailUrl\":\"https:\/\/geoparquepillanmapu.com\/wp-content\/uploads\/2021\/04\/achibueno-1-scaled-e1618597429446.jpg\",\"datePublished\":\"2021-04-16T18:31:55+00:00\",\"dateModified\":\"2024-12-23T03:10:08+00:00\",\"breadcrumb\":{\"@id\":\"https:\/\/geoparquepillanmapu.com\/product\/georuta-3-valle-del-achibueno\/#breadcrumb\"},\"inLanguage\":\"en-US\",\"potentialAction\":[{\"@type\":\"ReadAction\",\"target\":[\"https:\/\/geoparquepillanmapu.com\/product\/georuta-3-valle-del-achibueno\/\"]}]},{\"@type\":\"ImageObject\",\"inLanguage\":\"en-US\",\"@id\":\"https:\/\/geoparquepillanmapu.com\/product\/georuta-3-valle-del-achibueno\/#primaryimage\",\"url\":\"https:\/\/geoparquepillanmapu.com\/wp-content\/uploads\/2021\/04\/achibueno-1-scaled-e1618597429446.jpg\",\"contentUrl\":\"https:\/\/geoparquepillanmapu.com\/wp-content\/uploads\/2021\/04\/achibueno-1-scaled-e1618597429446.jpg\",\"width\":1920,\"height\":1920},{\"@type\":\"BreadcrumbList\",\"@id\":\"https:\/\/geoparquepillanmapu.com\/product\/georuta-3-valle-del-achibueno\/#breadcrumb\",\"itemListElement\":[{\"@type\":\"ListItem\",\"position\":1,\"name\":\"Portada\",\"item\":\"https:\/\/geoparquepillanmapu.com\/\"},{\"@type\":\"ListItem\",\"position\":2,\"name\":\"Geo tienda\",\"item\":\"https:\/\/geoparquepillanmapu.com\/?page_id=232\"},{\"@type\":\"ListItem\",\"position\":3,\"name\":\"Georuta 3 &#8211; Valle del Achibueno\"}]},{\"@type\":\"WebSite\",\"@id\":\"https:\/\/geoparquepillanmapu.com\/#website\",\"url\":\"https:\/\/geoparquepillanmapu.com\/\",\"name\":\"Geoparque Pillanmapu\",\"description\":\"Desarrollo sostenible para los Andes Maulinos\",\"publisher\":{\"@id\":\"https:\/\/geoparquepillanmapu.com\/#organization\"},\"potentialAction\":[{\"@type\":\"SearchAction\",\"target\":{\"@type\":\"EntryPoint\",\"urlTemplate\":\"https:\/\/geoparquepillanmapu.com\/?s={search_term_string}\"},\"query-input\":{\"@type\":\"PropertyValueSpecification\",\"valueRequired\":true,\"valueName\":\"search_term_string\"}}],\"inLanguage\":\"en-US\"},{\"@type\":\"Organization\",\"@id\":\"https:\/\/geoparquepillanmapu.com\/#organization\",\"name\":\"Geoparque Pillanmapu\",\"url\":\"https:\/\/geoparquepillanmapu.com\/\",\"logo\":{\"@type\":\"ImageObject\",\"inLanguage\":\"en-US\",\"@id\":\"https:\/\/geoparquepillanmapu.com\/#\/schema\/logo\/image\/\",\"url\":\"https:\/\/geoparquepillanmapu.com\/wp-content\/uploads\/2020\/04\/Logo-PillanMapu-ajustado-20.png\",\"contentUrl\":\"https:\/\/geoparquepillanmapu.com\/wp-content\/uploads\/2020\/04\/Logo-PillanMapu-ajustado-20.png\",\"width\":1460,\"height\":1650,\"caption\":\"Geoparque Pillanmapu\"},\"image\":{\"@id\":\"https:\/\/geoparquepillanmapu.com\/#\/schema\/logo\/image\/\"}}]}<\/script>\n<!-- \/ Yoast SEO plugin. -->","yoast_head_json":{"title":"Georuta 3 - Valle del Achibueno - Geoparque Pillanmapu","robots":{"index":"index","follow":"follow","max-snippet":"max-snippet:-1","max-image-preview":"max-image-preview:large","max-video-preview":"max-video-preview:-1"},"canonical":"https:\/\/geoparquepillanmapu.com\/en\/product\/georuta-3-valle-del-achibueno\/","og_locale":"en_US","og_type":"article","og_title":"Georuta 3 - Valle del Achibueno - Geoparque Pillanmapu","og_description":"Gu\u00eda completa y detallada que te permitir\u00e1 recorrer el valle del Achibueno con una mirada renovada y cargada de fascinaci\u00f3n. Esta gu\u00eda te permitir\u00e1 recorrer dos de los valles m\u00e1s emblem\u00e1ticos del caj\u00f3n del Achibueno; el valle de las \u00c1nimas y el valle de la Gloria. En ellos podr\u00e1s encontrar algunas maravillas geol\u00f3gicas que destacan [&hellip;]","og_url":"https:\/\/geoparquepillanmapu.com\/en\/product\/georuta-3-valle-del-achibueno\/","og_site_name":"Geoparque Pillanmapu","article_modified_time":"2024-12-23T03:10:08+00:00","og_image":[{"width":1920,"height":1920,"url":"https:\/\/geoparquepillanmapu.com\/wp-content\/uploads\/2021\/04\/achibueno-1-scaled-e1618597429446.jpg","type":"image\/jpeg"}],"twitter_card":"summary_large_image","twitter_misc":{"Est. reading time":"1 minute"},"schema":{"@context":"https:\/\/schema.org","@graph":[{"@type":"WebPage","@id":"https:\/\/geoparquepillanmapu.com\/product\/georuta-3-valle-del-achibueno\/","url":"https:\/\/geoparquepillanmapu.com\/product\/georuta-3-valle-del-achibueno\/","name":"Georuta 3 - Valle del Achibueno - Geoparque Pillanmapu","isPartOf":{"@id":"https:\/\/geoparquepillanmapu.com\/#website"},"primaryImageOfPage":{"@id":"https:\/\/geoparquepillanmapu.com\/product\/georuta-3-valle-del-achibueno\/#primaryimage"},"image":{"@id":"https:\/\/geoparquepillanmapu.com\/product\/georuta-3-valle-del-achibueno\/#primaryimage"},"thumbnailUrl":"https:\/\/geoparquepillanmapu.com\/wp-content\/uploads\/2021\/04\/achibueno-1-scaled-e1618597429446.jpg","datePublished":"2021-04-16T18:31:55+00:00","dateModified":"2024-12-23T03:10:08+00:00","breadcrumb":{"@id":"https:\/\/geoparquepillanmapu.com\/product\/georuta-3-valle-del-achibueno\/#breadcrumb"},"inLanguage":"en-US","potentialAction":[{"@type":"ReadAction","target":["https:\/\/geoparquepillanmapu.com\/product\/georuta-3-valle-del-achibueno\/"]}]},{"@type":"ImageObject","inLanguage":"en-US","@id":"https:\/\/geoparquepillanmapu.com\/product\/georuta-3-valle-del-achibueno\/#primaryimage","url":"https:\/\/geoparquepillanmapu.com\/wp-content\/uploads\/2021\/04\/achibueno-1-scaled-e1618597429446.jpg","contentUrl":"https:\/\/geoparquepillanmapu.com\/wp-content\/uploads\/2021\/04\/achibueno-1-scaled-e1618597429446.jpg","width":1920,"height":1920},{"@type":"BreadcrumbList","@id":"https:\/\/geoparquepillanmapu.com\/product\/georuta-3-valle-del-achibueno\/#breadcrumb","itemListElement":[{"@type":"ListItem","position":1,"name":"Portada","item":"https:\/\/geoparquepillanmapu.com\/"},{"@type":"ListItem","position":2,"name":"Geo tienda","item":"https:\/\/geoparquepillanmapu.com\/?page_id=232"},{"@type":"ListItem","position":3,"name":"Georuta 3 &#8211; Valle del Achibueno"}]},{"@type":"WebSite","@id":"https:\/\/geoparquepillanmapu.com\/#website","url":"https:\/\/geoparquepillanmapu.com\/","name":"Pillanmapu Geopark","description":"Sustainable development for the Maule Andes","publisher":{"@id":"https:\/\/geoparquepillanmapu.com\/#organization"},"potentialAction":[{"@type":"SearchAction","target":{"@type":"EntryPoint","urlTemplate":"https:\/\/geoparquepillanmapu.com\/?s={search_term_string}"},"query-input":{"@type":"PropertyValueSpecification","valueRequired":true,"valueName":"search_term_string"}}],"inLanguage":"en-US"},{"@type":"Organization","@id":"https:\/\/geoparquepillanmapu.com\/#organization","name":"Pillanmapu Geopark","url":"https:\/\/geoparquepillanmapu.com\/","logo":{"@type":"ImageObject","inLanguage":"en-US","@id":"https:\/\/geoparquepillanmapu.com\/#\/schema\/logo\/image\/","url":"https:\/\/geoparquepillanmapu.com\/wp-content\/uploads\/2020\/04\/Logo-PillanMapu-ajustado-20.png","contentUrl":"https:\/\/geoparquepillanmapu.com\/wp-content\/uploads\/2020\/04\/Logo-PillanMapu-ajustado-20.png","width":1460,"height":1650,"caption":"Geoparque Pillanmapu"},"image":{"@id":"https:\/\/geoparquepillanmapu.com\/#\/schema\/logo\/image\/"}}]}},"_links":{"self":[{"href":"https:\/\/geoparquepillanmapu.com\/en\/wp-json\/wp\/v2\/product\/882","targetHints":{"allow":["GET"]}}],"collection":[{"href":"https:\/\/geoparquepillanmapu.com\/en\/wp-json\/wp\/v2\/product"}],"about":[{"href":"https:\/\/geoparquepillanmapu.com\/en\/wp-json\/wp\/v2\/types\/product"}],"replies":[{"embeddable":true,"href":"https:\/\/geoparquepillanmapu.com\/en\/wp-json\/wp\/v2\/comments?post=882"}],"wp:featuredmedia":[{"embeddable":true,"href":"https:\/\/geoparquepillanmapu.com\/en\/wp-json\/wp\/v2\/media\/889"}],"wp:attachment":[{"href":"https:\/\/geoparquepillanmapu.com\/en\/wp-json\/wp\/v2\/media?parent=882"}],"wp:term":[{"taxonomy":"product_brand","embeddable":true,"href":"https:\/\/geoparquepillanmapu.com\/en\/wp-json\/wp\/v2\/product_brand?post=882"},{"taxonomy":"product_cat","embeddable":true,"href":"https:\/\/geoparquepillanmapu.com\/en\/wp-json\/wp\/v2\/product_cat?post=882"},{"taxonomy":"product_tag","embeddable":true,"href":"https:\/\/geoparquepillanmapu.com\/en\/wp-json\/wp\/v2\/product_tag?post=882"}],"curies":[{"name":"wp","href":"https:\/\/api.w.org\/{rel}","templated":true}]}}